{"id":1531,"date":"2022-10-19T10:16:15","date_gmt":"2022-10-19T08:16:15","guid":{"rendered":"https:\/\/www.ditisjouwnieuwesite.nl\/happybear\/?page_id=1531"},"modified":"2024-07-25T12:59:46","modified_gmt":"2024-07-25T10:59:46","slug":"terms-and-conditions","status":"publish","type":"page","link":"https:\/\/reusablenappies.net\/de\/terms-and-conditions\/","title":{"rendered":"Allgemeine Bedingungen und Konditionen"},"content":{"rendered":"<ol><li>HappyBear Diapers: HappyBear Diapers B.V., mit Sitz in Hengelo unter der KvK-Nr. 82562776.<\/li>\n\n<li>Kunde: die Person, mit der HappyBear Diapers einen Vertrag geschlossen hat.<\/li>\n\n<li>Parties: HappyBear Windeln und Kunde zusammen.<\/li><\/ol><p><\/p><p><strong>Anwendbarkeit der Allgemeinen Gesch\u00e4ftsbedingungen (AGB)<\/strong><\/p><ol><li>Diese Bedingungen gelten f\u00fcr alle Angebote, Offerten, Arbeiten, Auftr\u00e4ge, Vereinbarungen und Lieferungen von Dienstleistungen oder Produkten durch oder im Namen von HappyBear Diapers.<\/li>\n\n<li>Die Parteien k\u00f6nnen nur dann von diesen Bedingungen abweichen, wenn sie dies ausdr\u00fccklich und schriftlich vereinbart haben.<\/li>\n\n<li>Die Parteien schlie\u00dfen die Anwendbarkeit zus\u00e4tzlicher und\/oder abweichender allgemeiner Gesch\u00e4ftsbedingungen des Kunden oder Dritter ausdr\u00fccklich aus.<\/li><\/ol><p><strong>Preise<\/strong><\/p><ol><li>Alle von HappyBear Diapers angegebenen Preise sind in Euro, verstehen sich ohne Mehrwertsteuer und ohne sonstige Kosten wie Verwaltungskosten, Abgaben und Reise-, Versand- oder Transportkosten, sofern nicht ausdr\u00fccklich anders angegeben oder vereinbart.<\/li>\n\n<li>Alle Preise, die HappyBear Diapers f\u00fcr seine Produkte auf seiner Website oder anderweitig bekannt gibt, k\u00f6nnen von HappyBear Diapers jederzeit ge\u00e4ndert werden.<\/li>\n\n<li>Erh\u00f6hungen der Selbstkostenpreise von Produkten oder Teilen davon, die HappyBear Diapers zum Zeitpunkt des Angebots oder des Vertragsabschlusses nicht vorhersehen konnte, k\u00f6nnen zu Preiserh\u00f6hungen f\u00fchren.<\/li><\/ol><p><strong>Muster und Modelle<\/strong><\/p><p>Hat der Kunde ein Muster oder Modell eines Produkts erhalten, kann er daraus keine anderen Rechte ableiten als die, dass es sich um einen Hinweis auf die Art des Produkts handelt, es sei denn, die Parteien haben ausdr\u00fccklich vereinbart, dass die zu liefernden Produkte dem Muster oder Modell entsprechen.<\/p><p><strong>Zahlungen und Zahlungsfrist<\/strong><\/p><ol><li>Der Kunde muss die Zahlungen im Voraus leisten. Der Kunde kann zu diesem Zweck verschiedene Zahlungsarten w\u00e4hlen (siehe: <a href=\"https:\/\/reusablenappies.net\/de\/betaalmethoden\/\">Zahlungsm\u00f6glichkeiten<\/a>).<\/li>\n\n<li>Zahlungsfristen gelten als t\u00f6dliche Zahlungsfristen. Das bedeutet, dass der Kunde, wenn er den vereinbarten Betrag nicht sp\u00e4testens am letzten Tag der Zahlungsfrist bezahlt hat, rechtlich in Verzug ger\u00e4t, ohne dass HappyBear Diapers den Kunden anmahnen oder in Verzug setzen muss.<\/li>\n\n<li>HappyBear Diapers beh\u00e4lt sich das Recht vor, eine Lieferung von einer sofortigen Zahlung abh\u00e4ngig zu machen oder eine Sicherheit f\u00fcr den Gesamtbetrag der Dienstleistungen oder Produkte zu verlangen.<\/li><\/ol><p><strong>Konsequenzen bei nicht rechtzeitiger Zahlung<\/strong><\/p><p>Die nachstehenden Bestimmungen gelten nur, wenn dem Kunden die Zahlung per Rechnung gestattet ist:<\/p><ol><li>Zahlt der Kunde nicht innerhalb der vereinbarten Frist, ist HappyBear Diapers berechtigt, ab dem Tag, an dem der Kunde in Verzug ist, den gesetzlichen Zinssatz von 8% pro Monat f\u00fcr Handelsgesch\u00e4fte zu berechnen, wobei ein Teil eines Monats als ganzer Monat z\u00e4hlt.<\/li>\n\n<li>Wenn der Kunde in Verzug ist, schuldet er HappyBear Windeln auch au\u00dfergerichtliche Inkassokosten und eventuellen Schadenersatz.<\/li>\n\n<li>Die Inkassokosten werden gem\u00e4\u00df der Verordnung \u00fcber die Entsch\u00e4digung f\u00fcr au\u00dfergerichtliche Inkassokosten berechnet.<\/li>\n\n<li>Wenn der Kunde nicht rechtzeitig zahlt, kann HappyBear Diapers seine Verpflichtungen aussetzen, bis der Kunde seine Zahlungsverpflichtung erf\u00fcllt hat.<\/li>\n\n<li>Im Falle einer Liquidation, eines Konkurses, einer Pf\u00e4ndung oder eines Zahlungsaufschubs seitens des Kunden werden die Forderungen von HappyBear Diapers gegen\u00fcber dem Kunden sofort f\u00e4llig.<\/li>\n\n<li>Verweigert der Kunde die Mitwirkung bei der Durchf\u00fchrung des Vertrages durch HappyBear Diapers, so ist er dennoch verpflichtet, den vereinbarten Preis an HappyBear Diapers zu zahlen.<\/li><\/ol><p><strong>Recht auf Werbung<\/strong><\/p><ol><li>Sobald der Kunde in Verzug ger\u00e4t, ist HappyBear Diapers berechtigt, das Forderungsrecht in Bezug auf die nicht bezahlten, an den Kunden gelieferten Produkte geltend zu machen.<\/li>\n\n<li>HappyBear Diapers beruft sich auf das Recht der Reklamation durch schriftliche oder elektronische Mitteilung.<\/li>\n\n<li>Sobald der Kunde \u00fcber das geltend gemachte Reklamationsrecht informiert wurde, muss der Kunde die Produkte, auf die sich dieses Recht bezieht, unverz\u00fcglich an HappyBear Diapers zur\u00fccksenden, es sei denn, die Parteien vereinbaren etwas anderes.<\/li>\n\n<li>Die Kosten f\u00fcr die R\u00fccknahme oder R\u00fcckf\u00fchrung der Produkte gehen zu Lasten des Kunden.<\/li><\/ol><p><strong>Aufh\u00e4ngung rechts<\/strong><\/p><p>Sofern es sich bei dem Kunden nicht um einen Verbraucher handelt, verzichtet der Kunde auf das Recht, die Erf\u00fcllung jeglicher Verpflichtung aus diesem Vertrag auszusetzen.<\/p><p><strong>Pfandrecht<\/strong><\/p><ol><li>HappyBear Diapers kann sich auf sein Zur\u00fcckbehaltungsrecht berufen und in diesem Fall Produkte des Kunden zur\u00fcckhalten, bis der Kunde alle ausstehenden Rechnungen gegen\u00fcber HappyBear Diapers beglichen hat, es sei denn, der Kunde hat eine angemessene Sicherheit f\u00fcr diese Kosten geleistet.<\/li>\n\n<li>Das Pfandrecht gilt auch auf der Grundlage fr\u00fcherer Vertr\u00e4ge, aus denen der Kunde HappyBear Diapers noch Zahlungen schuldet.<\/li>\n\n<li>HappyBear Diapers haftet nicht f\u00fcr Sch\u00e4den, die dem Kunden durch die Aus\u00fcbung des Pfandrechts entstehen.<\/li><\/ol><p><strong>Abrechnung<\/strong><\/p><p>Sofern der Kunde kein Verbraucher ist, verzichtet er auf das Recht, eine Forderung gegen\u00fcber HappyBear Diapers mit einer Forderung gegen\u00fcber HappyBear Diapers zu verrechnen.<\/p><p><strong>Eigentumsvorbehalt<\/strong><\/p><ol><li>HappyBear Diapers bleibt Eigent\u00fcmer aller gelieferten Produkte, bis der Kunde seine Zahlungsverpflichtungen gegen\u00fcber HappyBear Diapers aus dem mit HappyBear Diapers geschlossenen Vertrag vollst\u00e4ndig erf\u00fcllt hat, einschlie\u00dflich der Anspr\u00fcche wegen Nichterf\u00fcllung.<\/li>\n\n<li>Bis dahin kann HappyBear Diapers seinen Eigentumsvorbehalt geltend machen und die Ware zur\u00fccknehmen.<\/li>\n\n<li>Bevor das Eigentum auf den Kunden \u00fcbergegangen ist, darf der Kunde die Produkte nicht verpf\u00e4nden, verkaufen, ver\u00e4u\u00dfern oder anderweitig belasten.<\/li>\n\n<li>Wenn HappyBear Diapers sich auf den Eigentumsvorbehalt beruft, gilt der Vertrag als aufgel\u00f6st und HappyBear Diapers ist berechtigt, Schadensersatz, entgangenen Gewinn und Zinsen zu verlangen.<\/li><\/ol><p><strong>Lieferung<\/strong><\/p><ol><li>Die Lieferung erfolgt, solange der Vorrat reicht.<\/li>\n\n<li>Die Lieferung der bestellten Produkte erfolgt an die vom Kunden angegebene Adresse.<\/li>\n\n<li>Wenn die vereinbarten Betr\u00e4ge nicht oder nicht rechtzeitig bezahlt werden, ist HappyBear Diapers berechtigt, seine Verpflichtungen auszusetzen, bis der vereinbarte Teil bezahlt ist.<\/li>\n\n<li>Eine versp\u00e4tete Zahlung stellt einen Gl\u00e4ubigerverzug dar, mit der Folge, dass der Kunde HappyBear Diapers nicht f\u00fcr eine versp\u00e4tete Lieferung haftbar machen kann.<\/li><\/ol><p><strong>Lieferfrist<\/strong><\/p><ol><li>Die von HappyBear Diapers angegebenen Lieferzeiten sind Richtwerte und berechtigen den Kunden bei \u00dcberschreitung nicht zum R\u00fccktritt oder Schadensersatz, es sei denn, die Parteien haben ausdr\u00fccklich schriftlich etwas anderes vereinbart.<\/li>\n\n<li>Die Lieferfrist beginnt, wenn der Kunde den (elektronischen) Bestellvorgang vollst\u00e4ndig abgeschlossen hat und eine (elektronische) Best\u00e4tigung von HappyBear Diapers erhalten hat.<\/li>\n\n<li>Eine \u00dcberschreitung der angegebenen Lieferzeit berechtigt den Kunden nicht zu Schadensersatz oder zur Aufl\u00f6sung des Vertrages, es sei denn, HappyBear Diapers ist nicht in der Lage, innerhalb von 14 Tagen nach schriftlicher Mitteilung zu liefern oder die Parteien haben etwas anderes vereinbart.<\/li><\/ol><p><strong>Tats\u00e4chliche Lieferung<\/strong><\/p><p>Der Kunde muss sicherstellen, dass die tats\u00e4chliche Lieferung der von ihm bestellten Produkte rechtzeitig erfolgen kann.<\/p><p><strong>Transportkosten<\/strong><\/p><p>Die Transportkosten gehen zu Lasten des Kunden, es sei denn, die Parteien haben diesbez\u00fcglich etwas anderes vereinbart.<\/p><p><strong>Verpackung und Versand<\/strong><\/p><ol><li>Wenn die Verpackung eines gelieferten Produkts ge\u00f6ffnet oder besch\u00e4digt wurde, sollte der Kunde dies vor der Annahme des Produkts durch den Spediteur oder den Zusteller vermerken lassen, da HappyBear Diapers ansonsten nicht f\u00fcr Sch\u00e4den haftbar gemacht werden kann.<\/li>\n\n<li>Wenn der Kunde den Transport eines Produkts selbst \u00fcbernimmt, muss er HappyBear Diapers vor dem Transport alle sichtbaren Sch\u00e4den am Produkt oder an der Verpackung melden, andernfalls kann HappyBear Diapers nicht f\u00fcr Sch\u00e4den haftbar gemacht werden.<\/li><\/ol><p><strong>Bewahrung<\/strong><\/p><ol><li>Nimmt der Kunde die bestellten Produkte sp\u00e4ter als zum vereinbarten Liefertermin ab, so geht das Risiko eines Qualit\u00e4tsverlustes voll zu seinen Lasten.<\/li>\n\n<li>Alle zus\u00e4tzlichen Kosten, die sich aus dem vorzeitigen oder versp\u00e4teten Kauf von Produkten ergeben, gehen vollst\u00e4ndig zu Lasten des Kunden.<\/li><\/ol><p><strong>Garantie<\/strong><\/p><ol><li>Die Produktgarantie bezieht sich nur auf M\u00e4ngel, die durch fehlerhafte Herstellung, Konstruktion oder Material verursacht wurden.<\/li>\n\n<li>Die Garantie gilt nicht bei normaler Abnutzung und Sch\u00e4den, die durch Unf\u00e4lle, \u00c4nderungen am Produkt, Fahrl\u00e4ssigkeit oder unsachgem\u00e4\u00dfen Gebrauch durch den Kunden verursacht wurden, sowie wenn die Ursache des Mangels nicht eindeutig festgestellt werden kann.<\/li>\n\n<li>Das Risiko des Verlusts, der Besch\u00e4digung oder des Diebstahls der Produkte, die Gegenstand eines Vertrags zwischen den Parteien sind, geht in dem Moment auf den Kunden \u00fcber, in dem sie rechtm\u00e4\u00dfig und\/oder tats\u00e4chlich geliefert werden oder zumindest in die Verf\u00fcgungsgewalt des Kunden oder eines Dritten gelangen, der das Produkt im Namen des Kunden in Empfang nimmt.<\/li><\/ol><p><strong>Entsch\u00e4digung<\/strong><\/p><p>Der Kunde stellt HappyBear Diapers von allen Anspr\u00fcchen Dritter im Zusammenhang mit den von HappyBear Diapers gelieferten Produkten und\/oder Dienstleistungen frei.<\/p><p><strong>Beanstandungen<\/strong><\/p><ol><li>Der Kunde sollte ein von HappyBear Diapers geliefertes Produkt oder eine von HappyBear Diapers erbrachte Dienstleistung so schnell wie m\u00f6glich auf etwaige M\u00e4ngel untersuchen.<\/li>\n\n<li>Wenn ein geliefertes Produkt oder eine erbrachte Dienstleistung nicht dem entspricht, was der Kunde vern\u00fcnftigerweise von der Vereinbarung erwarten konnte, sollte der Kunde HappyBear Diapers so schnell wie m\u00f6glich, auf jeden Fall aber innerhalb eines Monats nach Feststellung der M\u00e4ngel, informieren.<\/li>\n\n<li>Der Kunde muss den Mangel so detailliert wie m\u00f6glich beschreiben, damit HappyBear Diapers in der Lage ist, angemessen zu reagieren.<\/li>\n\n<li>Der Kunde muss nachweisen, dass sich die Beschwerde auf eine Vereinbarung zwischen den Parteien bezieht.<\/li>\n\n<li>In jedem Fall kann eine Reklamation, die sich auf laufende Arbeiten bezieht, nicht dazu f\u00fchren, dass HappyBear Diapers verpflichtet wird, andere als die vereinbarten Arbeiten auszuf\u00fchren.<\/li><\/ol><p><strong>Inverzugsetzung<\/strong><\/p><ol><li>Der Kunde muss HappyBear Diapers schriftlich in Verzug setzen.<\/li>\n\n<li>Es liegt in der Verantwortung des Kunden, dass eine Inverzugsetzung HappyBear Diapers tats\u00e4chlich (rechtzeitig) erreicht.<\/li><\/ol><p><strong>Gesamtschuldnerische Haftung Kunde<\/strong><\/p><p>Wenn HappyBear Diapers einen Vertrag mit mehreren Kunden abschlie\u00dft, haftet jeder von ihnen gesamtschuldnerisch f\u00fcr die gesamten Betr\u00e4ge, die er HappyBear Diapers im Rahmen dieses Vertrags schuldet.<\/p><p><strong>Haftung HappyBear Windeln<\/strong><\/p><ol><li>HappyBear Diapers haftet f\u00fcr Sch\u00e4den, die der Kunde erleidet, nur, wenn und soweit diese Sch\u00e4den durch Vorsatz oder bewusste Fahrl\u00e4ssigkeit verursacht wurden.<\/li>\n\n<li>Wenn HappyBear Diapers f\u00fcr Sch\u00e4den haftet, haftet es nur f\u00fcr direkte Sch\u00e4den, die sich aus oder im Zusammenhang mit der Erf\u00fcllung eines Vertrages ergeben.<\/li>\n\n<li>HappyBear Diapers haftet niemals f\u00fcr indirekte Sch\u00e4den, wie Folgesch\u00e4den, entgangenen Gewinn, entgangene Einsparungen oder Sch\u00e4den an Dritten.<\/li>\n\n<li>Falls HappyBear Diapers haftet, ist diese Haftung auf den Betrag beschr\u00e4nkt, der von einer abgeschlossenen (Berufs-)Haftpflichtversicherung ausgezahlt wird, und falls eine Versicherung nicht (vollst\u00e4ndig) f\u00fcr den Schadensbetrag aufkommt, ist die Haftung auf den (Teil des) Rechnungsbetrags beschr\u00e4nkt, auf den sich die Haftung bezieht.<\/li>\n\n<li>Alle Abbildungen, Fotos, Farben, Zeichnungen, Beschreibungen auf der Website oder in einem Katalog sind nur indikativ und gelten nur ann\u00e4hernd und k\u00f6nnen kein Grund f\u00fcr eine Entsch\u00e4digung und\/oder eine (teilweise) Aufl\u00f6sung des Vertrags und\/oder die Aussetzung jeglicher Verpflichtung sein.<\/li><\/ol><p><strong>F\u00e4lligkeitsdatum<\/strong><\/p><p>Jegliches Recht des Kunden auf Entsch\u00e4digung durch HappyBear Diapers erlischt in jedem Fall 12 Monate nach dem Ereignis, aus dem sich die Haftung direkt oder indirekt ergibt. Dies schlie\u00dft die Bestimmungen des Artikels 6:89 des B\u00fcrgerlichen Gesetzbuches nicht aus.<\/p><p><strong>R\u00fccktrittsrecht<\/strong><\/p><ol><li>Der Kunde hat das Recht, den Vertrag aufzul\u00f6sen, wenn HappyBear Diapers seine Verpflichtungen schuldhaft nicht erf\u00fcllt, es sei denn, dass diese Nichterf\u00fcllung aufgrund ihrer besonderen Art oder geringen Bedeutung die Aufl\u00f6sung nicht rechtfertigt.<\/li>\n\n<li>Wenn die Erf\u00fcllung der Verpflichtungen von HappyBear Diapers nicht dauerhaft oder vor\u00fcbergehend unm\u00f6glich ist, kann die Aufl\u00f6sung erst erfolgen, wenn HappyBear Diapers in Verzug ist.<\/li>\n\n<li>HappyBear Diapers hat das Recht, den Vertrag mit dem Kunden aufzul\u00f6sen, wenn der Kunde seinen Verpflichtungen aus dem Vertrag nicht vollst\u00e4ndig oder nicht rechtzeitig nachkommt oder wenn HappyBear Diapers Kenntnis von Umst\u00e4nden hat, die berechtigten Anlass zu der Bef\u00fcrchtung geben, dass der Kunde nicht in der Lage sein wird, seinen Verpflichtungen ordnungsgem\u00e4\u00df nachzukommen.<\/li><\/ol><p><strong>H\u00f6here Gewalt<\/strong><\/p><ol><li>Erg\u00e4nzend zu den Bestimmungen in Artikel 6:75 des niederl\u00e4ndischen B\u00fcrgerlichen Gesetzbuches kann ein Vers\u00e4umnis von HappyBear Diapers bei der Erf\u00fcllung einer Verpflichtung gegen\u00fcber dem Kunden nicht HappyBear Diapers in einer vom Willen von HappyBear Diapers unabh\u00e4ngigen Situation angelastet werden, durch die die Erf\u00fcllung seiner Verpflichtungen gegen\u00fcber dem Kunden ganz oder teilweise verhindert wird oder durch die die Erf\u00fcllung seiner Verpflichtungen von HappyBear Diapers vern\u00fcnftigerweise nicht verlangt werden kann.<\/li>\n\n<li>Zu den in Absatz 1 genannten F\u00e4llen h\u00f6herer Gewalt geh\u00f6ren auch - aber nicht nur - die folgenden: Ausnahmezustand (wie B\u00fcrgerkrieg, Aufruhr, Unruhen, Naturkatastrophen usw.); Nichterf\u00fcllung und h\u00f6here Gewalt von Lieferanten, Zulieferern oder anderen Dritten; unerwartete Ausf\u00e4lle von Strom, Elektrizit\u00e4t, Internet, Computern und Telekommunikation; Computerviren, Streiks, beh\u00f6rdliche Ma\u00dfnahmen, unvorhergesehene Transportprobleme, schlechte Wetterbedingungen und Arbeitsunterbrechungen.<\/li>\n\n<li>Wenn eine Situation h\u00f6herer Gewalt eintritt, die HappyBear Diapers daran hindert, eine oder mehrere Verpflichtungen gegen\u00fcber dem Kunden zu erf\u00fcllen, werden diese Verpflichtungen ausgesetzt, bis HappyBear Diapers sie wieder erf\u00fcllen kann.<\/li>\n\n<li>Ab dem Zeitpunkt, zu dem eine Situation h\u00f6herer Gewalt mindestens 30 Kalendertage angedauert hat, k\u00f6nnen beide Parteien den Vertrag schriftlich ganz oder teilweise aufl\u00f6sen.<\/li>\n\n<li>HappyBear Diapers ist in F\u00e4llen h\u00f6herer Gewalt nicht zur Zahlung von (Schadensersatz) verpflichtet, auch wenn es aufgrund der h\u00f6heren Gewalt einen Vorteil genie\u00dft.<\/li><\/ol><p><strong>\u00c4nderung des Abkommens<\/strong><\/p><ol><li>Erweist sich nach Abschluss der Vereinbarung deren Ausf\u00fchrung als notwendig, um ihren Inhalt zu \u00e4ndern oder zu erg\u00e4nzen, so passen die Parteien die Vereinbarung rechtzeitig und einvernehmlich entsprechend an.<\/li>\n\n<li>Der vorstehende Absatz gilt nicht f\u00fcr Produkte, die in einem Ladengesch\u00e4ft gekauft wurden.<\/li><\/ol><p><strong>\u00c4nderung der Allgemeinen Gesch\u00e4ftsbedingungen (AGB)<\/strong><\/p><ol><li>HappyBear Diapers ist berechtigt, diese Bedingungen zu \u00e4ndern oder zu erg\u00e4nzen.<\/li>\n\n<li>\u00c4nderungen von geringerer Bedeutung k\u00f6nnen jederzeit vorgenommen werden.<\/li>\n\n<li>Gr\u00f6\u00dfere inhaltliche \u00c4nderungen werden von HappyBear Diapers nach M\u00f6glichkeit im Voraus mit dem Kunden besprochen.<\/li><\/ol><p><strong>\u00dcbertragung von Rechten<\/strong><\/p><ol><li>Die Rechte des Kunden aus einem Vertrag zwischen den Parteien k\u00f6nnen ohne vorherige schriftliche Zustimmung von HappyBear Diapers nicht auf Dritte \u00fcbertragen werden.<\/li>\n\n<li>Diese Bestimmung gilt als verm\u00f6gensrechtliche Klausel im Sinne von Artikel 3:83(2) des Zivilgesetzbuchs.<\/li><\/ol><p><strong>Folgen der Nichtigkeit oder Anfechtbarkeit<\/strong><\/p><ol><li>Sollten sich eine oder mehrere Bestimmungen dieser Allgemeinen Gesch\u00e4ftsbedingungen als nichtig oder anfechtbar erweisen, so bleiben die \u00fcbrigen Bestimmungen dieser Gesch\u00e4ftsbedingungen davon unber\u00fchrt.<\/li>\n\n<li>Eine nichtige oder anfechtbare Bestimmung wird in einem solchen Fall durch eine Bestimmung ersetzt, die dem am n\u00e4chsten kommt, was HappyBear Diapers bei der Abfassung der Bedingungen in diesem Punkt im Sinn hatte.<\/li><\/ol><p><strong>Anwendbares Recht und zust\u00e4ndiges Gericht<\/strong><\/p><ol><li>F\u00fcr alle Vereinbarungen zwischen den Parteien gilt ausschlie\u00dflich das niederl\u00e4ndische Recht.<\/li>\n\n<li>Das niederl\u00e4ndische Gericht in dem Bezirk, in dem HappyBear Diapers seinen Sitz\/Praxis\/B\u00fcro hat, ist ausschlie\u00dflich f\u00fcr Streitigkeiten zwischen den Parteien zust\u00e4ndig, es sei denn, zwingendes Recht schreibt etwas anderes vor.<\/li><\/ol><p>Abgerufen am 25. Juli 2024.<\/p><style>\/*! elementor - v3.22.0 - 26-06-2024 *\/<br \/>\n.elementor-heading-title{padding:0;margin:0;line-height:1}.elementor-widget-heading .elementor-heading-title[class*=elementor-size-]>a{color:inherit;font-size:inherit;line-height:inherit}.elementor-widget-heading .elementor-heading-title.elementor-size-small{font-size:15px}.elementor-widget-heading .elementor-heading-title.elementor-size-medium{font-size:19px}.elementor-widget-heading .elementor-heading-title.elementor-size-large{font-size:29px}.elementor-widget-heading .elementor-heading-title.elementor-size-xl{font-size:39px}.elementor-widget-heading .elementor-heading-title.elementor-size-xxl{font-size:59px}<\/style>\n<h2>Men\u00fc \"Shortcut<\/h2>\n<link rel=\"stylesheet\" href=\"https:\/\/www.reusablenappies.net\/wp-content\/plugins\/elementor\/assets\/css\/widget-icon-list.min.css\">\n<ul>\n<li>\n\t\t\t\t\t\t\t\t\t\tAllgemeine Bedingungen und Konditionen\n\t\t\t\t\t\t\t\t\t<\/li>\n<li>\n\t\t\t\t\t\t\t\t\t\tLieferung\n\t\t\t\t\t\t\t\t\t<\/li>\n<\/ul>","protected":false},"excerpt":{"rendered":"<p>Toepasselijkheid algemene voorwaarden Prijzen Monsters en modellen Indien de klant een monster of model van een product heeft ontvangen, dan kan hij daaraan geen andere rechten ontlenen dan dat het een aanduiding is van de aard van het product, tenzij partijen uitdrukkelijk hebben afgesproken dat de te leveren producten met het monster of model overeenstemmen. [\u2026]<\/p>","protected":false},"author":3,"featured_media":0,"parent":0,"menu_order":0,"comment_status":"closed","ping_status":"closed","template":"","meta":{"_acf_changed":false,"inline_featured_image":false,"site-sidebar-layout":"default","site-content-layout":"","ast-site-content-layout":"default","site-content-style":"default","site-sidebar-style":"default","ast-global-header-display":"","ast-banner-title-visibility":"","ast-main-header-display":"","ast-hfb-above-header-display":"","ast-hfb-below-header-display":"","ast-hfb-mobile-header-display":"","site-post-title":"disabled","ast-breadcrumbs-content":"","ast-featured-img":"","footer-sml-layout":"","theme-transparent-header-meta":"","adv-header-id-meta":"","stick-header-meta":"","header-above-stick-meta":"","header-main-stick-meta":"","header-below-stick-meta":"","astra-migrate-meta-layouts":"set","ast-page-background-enabled":"default","ast-page-background-meta":{"desktop":{"background-color":"var(--ast-global-color-4)","background-image":"","background-repeat":"repeat","background-position":"center center","background-size":"auto","background-attachment":"scroll","background-type":"","background-media":"","overlay-type":"","overlay-color":"","overlay-opacity":"","overlay-gradient":""},"tablet":{"background-color":"","background-image":"","background-repeat":"repeat","background-position":"center center","background-size":"auto","background-attachment":"scroll","background-type":"","background-media":"","overlay-type":"","overlay-color":"","overlay-opacity":"","overlay-gradient":""},"mobile":{"background-color":"","background-image":"","background-repeat":"repeat","background-position":"center center","background-size":"auto","background-attachment":"scroll","background-type":"","background-media":"","overlay-type":"","overlay-color":"","overlay-opacity":"","overlay-gradient":""}},"ast-content-background-meta":{"desktop":{"background-color":"var(--ast-global-color-5)","background-image":"","background-repeat":"repeat","background-position":"center center","background-size":"auto","background-attachment":"scroll","background-type":"","background-media":"","overlay-type":"","overlay-color":"","overlay-opacity":"","overlay-gradient":""},"tablet":{"background-color":"var(--ast-global-color-5)","background-image":"","background-repeat":"repeat","background-position":"center center","background-size":"auto","background-attachment":"scroll","background-type":"","background-media":"","overlay-type":"","overlay-color":"","overlay-opacity":"","overlay-gradient":""},"mobile":{"background-color":"var(--ast-global-color-5)","background-image":"","background-repeat":"repeat","background-position":"center center","background-size":"auto","background-attachment":"scroll","background-type":"","background-media":"","overlay-type":"","overlay-color":"","overlay-opacity":"","overlay-gradient":""}},"footnotes":""},"acf":[],"_links":{"self":[{"href":"https:\/\/reusablenappies.net\/de\/wp-json\/wp\/v2\/pages\/1531"}],"collection":[{"href":"https:\/\/reusablenappies.net\/de\/wp-json\/wp\/v2\/pages"}],"about":[{"href":"https:\/\/reusablenappies.net\/de\/wp-json\/wp\/v2\/types\/page"}],"author":[{"embeddable":true,"href":"https:\/\/reusablenappies.net\/de\/wp-json\/wp\/v2\/users\/3"}],"replies":[{"embeddable":true,"href":"https:\/\/reusablenappies.net\/de\/wp-json\/wp\/v2\/comments?post=1531"}],"version-history":[{"count":42,"href":"https:\/\/reusablenappies.net\/de\/wp-json\/wp\/v2\/pages\/1531\/revisions"}],"predecessor-version":[{"id":3842,"href":"https:\/\/reusablenappies.net\/de\/wp-json\/wp\/v2\/pages\/1531\/revisions\/3842"}],"wp:attachment":[{"href":"https:\/\/reusablenappies.net\/de\/wp-json\/wp\/v2\/media?parent=1531"}],"curies":[{"name":"wp","href":"https:\/\/api.w.org\/{rel}","templated":true}]}}