{"id":1508,"date":"2022-10-19T08:23:33","date_gmt":"2022-10-19T06:23:33","guid":{"rendered":"https:\/\/www.ditisjouwnieuwesite.nl\/happybear\/?page_id=1508"},"modified":"2024-07-24T11:56:09","modified_gmt":"2024-07-24T09:56:09","slug":"shipping-and-delivery-time","status":"publish","type":"page","link":"https:\/\/reusablenappies.net\/en\/shipping-and-delivery-time\/","title":{"rendered":"Verzending en levertijd"},"content":{"rendered":"<div data-elementor-type=\"wp-page\" data-elementor-id=\"1508\" class=\"elementor elementor-1508\" data-elementor-post-type=\"page\">\n\t\t\t\t<div class=\"elementor-element elementor-element-7022469 e-flex e-con-boxed e-con e-parent\" data-id=\"7022469\" data-element_type=\"container\">\n\t\t\t\t\t<div class=\"e-con-inner\">\n\t\t<div class=\"elementor-element elementor-element-25a6023 e-con-full e-flex e-con e-child\" data-id=\"25a6023\" data-element_type=\"container\">\n\t\t\t\t<div class=\"elementor-element elementor-element-9357bbf elementor-widget elementor-widget-text-editor\" data-id=\"9357bbf\" data-element_type=\"widget\" data-widget_type=\"text-editor.default\">\n\t\t\t\t<div class=\"elementor-widget-container\">\n\t\t\t<style>\/*! elementor - v3.23.0 - 25-07-2024 *\/\n.elementor-widget-text-editor.elementor-drop-cap-view-stacked .elementor-drop-cap{background-color:#69727d;color:#fff}.elementor-widget-text-editor.elementor-drop-cap-view-framed .elementor-drop-cap{color:#69727d;border:3px solid;background-color:transparent}.elementor-widget-text-editor:not(.elementor-drop-cap-view-default) .elementor-drop-cap{margin-top:8px}.elementor-widget-text-editor:not(.elementor-drop-cap-view-default) .elementor-drop-cap-letter{width:1em;height:1em}.elementor-widget-text-editor .elementor-drop-cap{float:left;text-align:center;line-height:1;font-size:50px}.elementor-widget-text-editor .elementor-drop-cap-letter{display:inline-block}<\/style>\t\t\t\t<!-- wp:heading {\"level\":1,\"textColor\":\"ast-global-color-2\",\"fontSize\":\"x-large\"} -->\n<h1 class=\"has-ast-global-color-2-color has-text-color has-x-large-font-size\">Verzending &amp; Bezorging<\/h1>\n<!-- \/wp:heading --><!-- wp:paragraph -->\n<p>Na goedkeuring van uw B2B-account kunt u een bestelling plaatsen. De minimale bestelwaarde is \u20ac50.<br \/>Bij HappyBear Diapers vinden we het belangrijk dat onze bestellingen op een duurzame manier worden geleverd. Daarom verzenden we onze pakketten via PostNL, DHL, UPS en DPD. DPD.<\/p>\n<!-- \/wp:paragraph --><!-- wp:heading {\"level\":3} -->\n<h3>Afhalen<\/h3>\n<!-- \/wp:heading --><!-- wp:paragraph -->\n<p>U kunt uw bestelling ook afhalen bij ons magazijn in Hengelo. We nemen contact met u op nadat u uw bestelling heeft geplaatst.<\/p>\n<!-- \/wp:paragraph --><!-- wp:heading {\"level\":3} -->\n<h3>Levertijden Nederland<\/h3>\n<!-- \/wp:heading --><!-- wp:paragraph -->\n<p>De levertijd in Nederland is doorgaans binnen 1-2 werkdagen. Onze bestellingen worden ook op zaterdagen geleverd.<\/p>\n<p>Helaas kan het soms gebeuren dat een zending vertraging oploopt door drukte bij de koerier. U kunt de verzendstatus volgen via de track &amp; trace die u ontvangt.<\/p>\n<!-- \/wp:paragraph --><!-- wp:heading {\"level\":3} -->\n<h3>Levertijden buitenland<\/h3>\n<!-- \/wp:heading --><!-- wp:paragraph -->\n<p>De levertijd voor Belgi\u00eb en Duitsland is normaal gesproken binnen 1-2 werkdagen, voor bepaalde gebieden in Walloni\u00eb (Belgi\u00eb) kan het 2 tot 3 dagen duren.<\/p>\n<p>Als een bestelling naar het buitenland wordt verzonden, zijn de levertijden afhankelijk van de bestemming. Vanaf het moment dat de bestelling wordt verzonden, kan het 2 tot 5 werkdagen duren voordat uw bestelling wordt geleverd. Voor landen buiten Europa kan de levertijd langer zijn vanwege douanevertragingen tijdens de import van uw pakket.<\/p>\n<!-- \/wp:paragraph --><!-- wp:heading {\"level\":3} -->\n<h3>Gratis verzending*<\/h3>\n<!-- \/wp:heading --><!-- wp:paragraph -->\n<p><strong>Nederland \/ Belgi\u00eb \/ Duitsland<\/strong><\/p>\n<!-- \/wp:paragraph --><!-- wp:paragraph -->\n<p>Wij verzenden onze bestellingen binnen Nederland gratis vanaf \u20ac300. Voor bestellingen onder \u20ac300 rekenen we een bijdrage in de verzendkosten van \u20ac5,99 per bestelling.<\/p>\n<!-- \/wp:paragraph --><!-- wp:paragraph -->\n<p><strong>EU1 \u2013 landen (Oostenrijk, Denemarken, Frankrijk, Itali\u00eb, Luxemburg, Spanje en Zweden)<br \/><\/strong>De verzendkosten voor landen binnen de EU1 zone bedragen \u20ac8,99. Dit zijn de volgende landen: Denemarken, Frankrijk, Itali\u00eb, Luxemburg, Oostenrijk, Spanje en Zweden.<br \/>We verzenden uw bestelling gratis vanaf \u20ac500.<\/p>\n<!-- \/wp:paragraph --><!-- wp:paragraph -->\n<p><strong>Overige EU-landen en de rest van de wereld<br \/><\/strong>De verzendkosten voor landen die onder de EU2 zone vallen bedragen \u20ac21,99. HappyBear Diapers verzendt wereldwijd! Woont u buiten Europa? Dan is dat geen probleem. De verzendkosten bedragen dan \u20ac29,99.<\/p>\n<!-- \/wp:paragraph -->\t\t\t\t\t\t<\/div>\n\t\t\t\t<\/div>\n\t\t\t\t<\/div>\n\t\t<div class=\"elementor-element elementor-element-f293150 e-con-full e-flex e-con e-child\" data-id=\"f293150\" data-element_type=\"container\">\n\t\t<div class=\"elementor-element elementor-element-4c63add e-con-full e-flex e-con e-child\" data-id=\"4c63add\" data-element_type=\"container\" data-settings=\"{&quot;background_background&quot;:&quot;classic&quot;,&quot;sticky&quot;:&quot;top&quot;,&quot;sticky_offset&quot;:15,&quot;sticky_parent&quot;:&quot;yes&quot;,&quot;sticky_on&quot;:[&quot;desktop&quot;,&quot;tablet&quot;,&quot;mobile&quot;],&quot;sticky_effects_offset&quot;:0}\">\n\t\t\t\t<div class=\"elementor-element elementor-element-8e87f86 elementor-widget elementor-widget-heading\" data-id=\"8e87f86\" data-element_type=\"widget\" data-widget_type=\"heading.default\">\n\t\t\t\t<div class=\"elementor-widget-container\">\n\t\t\t<style>\/*! elementor - v3.23.0 - 25-07-2024 *\/\n.elementor-heading-title{padding:0;margin:0;line-height:1}.elementor-widget-heading .elementor-heading-title[class*=elementor-size-]>a{color:inherit;font-size:inherit;line-height:inherit}.elementor-widget-heading .elementor-heading-title.elementor-size-small{font-size:15px}.elementor-widget-heading .elementor-heading-title.elementor-size-medium{font-size:19px}.elementor-widget-heading .elementor-heading-title.elementor-size-large{font-size:29px}.elementor-widget-heading .elementor-heading-title.elementor-size-xl{font-size:39px}.elementor-widget-heading .elementor-heading-title.elementor-size-xxl{font-size:59px}<\/style><h2 class=\"elementor-heading-title elementor-size-default\">Shortcut menu<\/h2>\t\t<\/div>\n\t\t\t\t<\/div>\n\t\t\t\t<div class=\"elementor-element elementor-element-89c0403 elementor-icon-list--layout-traditional elementor-list-item-link-full_width elementor-widget elementor-widget-icon-list\" data-id=\"89c0403\" data-element_type=\"widget\" data-widget_type=\"icon-list.default\">\n\t\t\t\t<div class=\"elementor-widget-container\">\n\t\t\t<link rel=\"stylesheet\" href=\"https:\/\/reusablenappies.net\/wp-content\/plugins\/elementor\/assets\/css\/widget-icon-list.min.css\">\t\t<ul class=\"elementor-icon-list-items\">\n\t\t\t\t\t\t\t<li class=\"elementor-icon-list-item\">\n\t\t\t\t\t\t\t\t\t\t\t<a href=\"https:\/\/reusablenappies.net\/en\/terms-and-conditions\/\">\n\n\t\t\t\t\t\t\t\t\t\t\t<span class=\"elementor-icon-list-text\">General conditions<\/span>\n\t\t\t\t\t\t\t\t\t\t\t<\/a>\n\t\t\t\t\t\t\t\t\t<\/li>\n\t\t\t\t\t\t\t\t<li class=\"elementor-icon-list-item\">\n\t\t\t\t\t\t\t\t\t\t\t<a href=\"https:\/\/reusablenappies.net\/en\/shipping-and-delivery-time\/\">\n\n\t\t\t\t\t\t\t\t\t\t\t<span class=\"elementor-icon-list-text\">Delivery<\/span>\n\t\t\t\t\t\t\t\t\t\t\t<\/a>\n\t\t\t\t\t\t\t\t\t<\/li>\n\t\t\t\t\t\t<\/ul>\n\t\t\t\t<\/div>\n\t\t\t\t<\/div>\n\t\t\t\t<\/div>\n\t\t\t\t<\/div>\n\t\t\t\t\t<\/div>\n\t\t\t\t<\/div>\n\t\t\t\t<\/div>","protected":false},"excerpt":{"rendered":"<p>Verzending &amp; Bezorging Na goedkeuring van uw B2B-account kunt u een bestelling plaatsen. De minimale bestelwaarde is \u20ac50.Bij HappyBear Diapers vinden we het belangrijk dat onze bestellingen op een duurzame manier worden geleverd. Daarom verzenden we onze pakketten via PostNL, DHL, UPS en DPD. DPD. Afhalen U kunt uw bestelling ook afhalen bij ons magazijn [\u2026]<\/p>","protected":false},"author":3,"featured_media":0,"parent":0,"menu_order":0,"comment_status":"closed","ping_status":"closed","template":"","meta":{"_acf_changed":false,"inline_featured_image":false,"site-sidebar-layout":"default","site-content-layout":"","ast-site-content-layout":"default","site-content-style":"default","site-sidebar-style":"default","ast-global-header-display":"","ast-banner-title-visibility":"","ast-main-header-display":"","ast-hfb-above-header-display":"","ast-hfb-below-header-display":"","ast-hfb-mobile-header-display":"","site-post-title":"disabled","ast-breadcrumbs-content":"","ast-featured-img":"","footer-sml-layout":"","theme-transparent-header-meta":"","adv-header-id-meta":"","stick-header-meta":"","header-above-stick-meta":"","header-main-stick-meta":"","header-below-stick-meta":"","astra-migrate-meta-layouts":"set","ast-page-background-enabled":"default","ast-page-background-meta":{"desktop":{"background-color":"var(--ast-global-color-4)","background-image":"","background-repeat":"repeat","background-position":"center center","background-size":"auto","background-attachment":"scroll","background-type":"","background-media":"","overlay-type":"","overlay-color":"","overlay-opacity":"","overlay-gradient":""},"tablet":{"background-color":"","background-image":"","background-repeat":"repeat","background-position":"center center","background-size":"auto","background-attachment":"scroll","background-type":"","background-media":"","overlay-type":"","overlay-color":"","overlay-opacity":"","overlay-gradient":""},"mobile":{"background-color":"","background-image":"","background-repeat":"repeat","background-position":"center center","background-size":"auto","background-attachment":"scroll","background-type":"","background-media":"","overlay-type":"","overlay-color":"","overlay-opacity":"","overlay-gradient":""}},"ast-content-background-meta":{"desktop":{"background-color":"var(--ast-global-color-5)","background-image":"","background-repeat":"repeat","background-position":"center center","background-size":"auto","background-attachment":"scroll","background-type":"","background-media":"","overlay-type":"","overlay-color":"","overlay-opacity":"","overlay-gradient":""},"tablet":{"background-color":"var(--ast-global-color-5)","background-image":"","background-repeat":"repeat","background-position":"center center","background-size":"auto","background-attachment":"scroll","background-type":"","background-media":"","overlay-type":"","overlay-color":"","overlay-opacity":"","overlay-gradient":""},"mobile":{"background-color":"var(--ast-global-color-5)","background-image":"","background-repeat":"repeat","background-position":"center center","background-size":"auto","background-attachment":"scroll","background-type":"","background-media":"","overlay-type":"","overlay-color":"","overlay-opacity":"","overlay-gradient":""}},"footnotes":""},"acf":[],"_links":{"self":[{"href":"https:\/\/reusablenappies.net\/en\/wp-json\/wp\/v2\/pages\/1508"}],"collection":[{"href":"https:\/\/reusablenappies.net\/en\/wp-json\/wp\/v2\/pages"}],"about":[{"href":"https:\/\/reusablenappies.net\/en\/wp-json\/wp\/v2\/types\/page"}],"author":[{"embeddable":true,"href":"https:\/\/reusablenappies.net\/en\/wp-json\/wp\/v2\/users\/3"}],"replies":[{"embeddable":true,"href":"https:\/\/reusablenappies.net\/en\/wp-json\/wp\/v2\/comments?post=1508"}],"version-history":[{"count":15,"href":"https:\/\/reusablenappies.net\/en\/wp-json\/wp\/v2\/pages\/1508\/revisions"}],"predecessor-version":[{"id":3776,"href":"https:\/\/reusablenappies.net\/en\/wp-json\/wp\/v2\/pages\/1508\/revisions\/3776"}],"wp:attachment":[{"href":"https:\/\/reusablenappies.net\/en\/wp-json\/wp\/v2\/media?parent=1508"}],"curies":[{"name":"wp","href":"https:\/\/api.w.org\/{rel}","templated":true}]}}