{"id":804,"date":"2024-07-04T10:36:26","date_gmt":"2024-07-04T08:36:26","guid":{"rendered":"https:\/\/www.ditisjouwnieuwesite.nl\/happybear\/product\/pocketluier-bugs\/"},"modified":"2026-04-20T19:36:40","modified_gmt":"2026-04-20T17:36:40","slug":"pocketluier-bugs","status":"publish","type":"product","link":"https:\/\/reusablenappies.net\/en\/product\/pocketluier-bugs\/","title":{"rendered":"Pocket diaper | Bugs"},"content":{"rendered":"<p>Een wasbare luier die je kunt gebruiken vanaf de geboorte totdat je kindje zindelijk is? Dat is de pocketluier van HappyBear! De pocketluiers zijn makkelijk in gebruik, comfortabel voor je baby en gemaakt van de beste kwaliteit stoffen in de leukste prints. <\/p>\n<p>De billetjes van je baby blijven langer droog en zacht door de waterdichte, maar ademende buitenlaag en de su\u00e8de stof aan de binnenkant. Alle HappyBear pocketluiers hebben dubbele lekgoten, wat de kans op doorlekken en spuitluiers kleiner maakt.<\/p>\n<p>Verschillende maten luiers kopen? Dat is niet meer nodig. Je verstelt de pocketluier met behulp van de drukknopen aan de voorkant. <\/p>\n<p>Je krijgt de pocketluier met \u00e9\u00e9n vierlaags microvezel inlegger en \u00e9\u00e9n vierlaags bamboe-inlegger. De inleggers van HappyBear absorberen veel. Heb je oudere kinderen die meer plassen? Dan kun je de extra boosters gebruiken. De inleggers stop je in de pocketopening van de luier, daarbovenop plaats je de microvezel booster. <\/p>\n<p>Gebruik onze handige bamboe inlegvellen voor het opvangen van de ontlasting. Na het verschonen, gooi je het inlegvelletje gewoon in de prullenbak. <\/p>\n<p>\u2013 In maat verstelbaar (one size)<br \/>\n\u2013 Te gebruiken vanaf geboorte tot aan zindelijkheid<br \/>\n\u2013 Dubbele lekgoten \u2013 minder kans op doorlekken<br \/>\n\u2013 Dubbele pocketopening<br \/>\n- Suitable for children from 4 to 15 kg<\/p>","protected":false},"excerpt":{"rendered":"<ul>\n<li><span style=\"font-weight: 400;\">To be used from <strong>birth<\/strong> to <strong>potty training<\/strong><\/span><\/li>\n<li><span style=\"font-weight: 400;\"><strong>Double leakage chutes<\/strong> - less chance of leaks<\/span><\/li>\n<li><span style=\"font-weight: 400;\" mce-data-marked=\"1\">Met een <strong>dubbele pocketopening<\/strong><\/span><\/li>\n<li><span mce-data-marked=\"1\">Gemaakt van<strong><span>\u00a0<\/span>gerecyclede PET flessen<\/strong><\/span><\/li>\n<\/ul>","protected":false},"featured_media":3593,"template":"","meta":{"_acf_changed":false,"inline_featured_image":false,"site-sidebar-layout":"default","site-content-layout":"default","ast-site-content-layout":"","site-content-style":"default","site-sidebar-style":"default","ast-global-header-display":"","ast-banner-title-visibility":"","ast-main-header-display":"","ast-hfb-above-header-display":"","ast-hfb-below-header-display":"","ast-hfb-mobile-header-display":"","site-post-title":"","ast-breadcrumbs-content":"","ast-featured-img":"","footer-sml-layout":"","theme-transparent-header-meta":"default","adv-header-id-meta":"","stick-header-meta":"","header-above-stick-meta":"","header-main-stick-meta":"","header-below-stick-meta":"","astra-migrate-meta-layouts":"default","ast-page-background-enabled":"default","ast-page-background-meta":{"desktop":{"background-color":"var(--ast-global-color-4)","background-image":"","background-repeat":"repeat","background-position":"center center","background-size":"auto","background-attachment":"scroll","background-type":"","background-media":"","overlay-type":"","overlay-color":"","overlay-opacity":"","overlay-gradient":""},"tablet":{"background-color":"","background-image":"","background-repeat":"repeat","background-position":"center center","background-size":"auto","background-attachment":"scroll","background-type":"","background-media":"","overlay-type":"","overlay-color":"","overlay-opacity":"","overlay-gradient":""},"mobile":{"background-color":"","background-image":"","background-repeat":"repeat","background-position":"center center","background-size":"auto","background-attachment":"scroll","background-type":"","background-media":"","overlay-type":"","overlay-color":"","overlay-opacity":"","overlay-gradient":""}},"ast-content-background-meta":{"desktop":{"background-color":"var(--ast-global-color-5)","background-image":"","background-repeat":"repeat","background-position":"center center","background-size":"auto","background-attachment":"scroll","background-type":"","background-media":"","overlay-type":"","overlay-color":"","overlay-opacity":"","overlay-gradient":""},"tablet":{"background-color":"var(--ast-global-color-5)","background-image":"","background-repeat":"repeat","background-position":"center center","background-size":"auto","background-attachment":"scroll","background-type":"","background-media":"","overlay-type":"","overlay-color":"","overlay-opacity":"","overlay-gradient":""},"mobile":{"background-color":"var(--ast-global-color-5)","background-image":"","background-repeat":"repeat","background-position":"center center","background-size":"auto","background-attachment":"scroll","background-type":"","background-media":"","overlay-type":"","overlay-color":"","overlay-opacity":"","overlay-gradient":""}}},"product_cat":[103],"product_tag":[],"acf":[],"_links":{"self":[{"href":"https:\/\/reusablenappies.net\/en\/wp-json\/wp\/v2\/product\/804"}],"collection":[{"href":"https:\/\/reusablenappies.net\/en\/wp-json\/wp\/v2\/product"}],"about":[{"href":"https:\/\/reusablenappies.net\/en\/wp-json\/wp\/v2\/types\/product"}],"wp:featuredmedia":[{"embeddable":true,"href":"https:\/\/reusablenappies.net\/en\/wp-json\/wp\/v2\/media\/3593"}],"wp:attachment":[{"href":"https:\/\/reusablenappies.net\/en\/wp-json\/wp\/v2\/media?parent=804"}],"wp:term":[{"taxonomy":"product_cat","embeddable":true,"href":"https:\/\/reusablenappies.net\/en\/wp-json\/wp\/v2\/product_cat?post=804"},{"taxonomy":"product_tag","embeddable":true,"href":"https:\/\/reusablenappies.net\/en\/wp-json\/wp\/v2\/product_tag?post=804"}],"curies":[{"name":"wp","href":"https:\/\/api.w.org\/{rel}","templated":true}]}}